{"id":43799,"date":"2022-05-29T16:11:52","date_gmt":"2022-05-29T14:11:52","guid":{"rendered":"https:\/\/www.warsteiner.de\/wahre-gewinner\/?page_id=43799"},"modified":"2022-05-29T16:43:24","modified_gmt":"2022-05-29T14:43:24","slug":"warsteiner-zukunftspreis-faq","status":"publish","type":"page","link":"https:\/\/www.warsteiner.de\/wahre-gewinner\/warsteiner-zukunftspreis-faq\/","title":{"rendered":"Warsteiner Zukunftspreis &#8211; FAQ"},"content":{"rendered":"<h2>Warum ein Zukunftspreis?<\/h2>\n<p>Nachdem im Rahmen des Forschungsprojekts \u201eTradition im Wandel\u201c zun\u00e4chst eine Pilotstudie (2016-2017) und eine gro\u00dfangelegte Online-Umfrage (2017-2019) zur Ermittlung von personellen, \u00f6konomischen und soziokulturellen Risiken im Sch\u00fctzenwesen sowie eine Praxisphase zur Entwicklung von Zukunftskonzepten\u00a0inklusive Vereinsworkshops\u00a0(2020 &#8211; 2022) durchgef\u00fchrt wurden, ist es nun an der Zeit, konkrete Ideen und Projekte\u00a0mit\u00a0kreativen, innovativen, integrativen, modernisierenden und nachhaltigen Charakter zu f\u00f6rdern.<\/p>\n<h2>An wen richtet sich der Preis?<\/h2>\n<ul>\n<li>Bewerben k\u00f6nnen sich alle Sch\u00fctzenvereine in Deutschland<\/li>\n<li>Am Publikumsvotum darf jede Person unabh\u00e4ngig einer Vereinszugeh\u00f6rigkeit teilnehmen<\/li>\n<\/ul>\n<h2>Wie und mit welchen Projekten kann man sich bewerben?<\/h2>\n<ul>\n<li>Die Bewerbung erfolgt \u00fcber eine separate Bewerbungsseite, auf der die Vereine ihr Zukunftsprojekt in nicht mehr als 500 W\u00f6rtern beschreiben<br \/>\n<a href=\"https:\/\/www.warsteiner.de\/wahre-gewinner\/competition\/warsteiner-zukunftspreis\/\">Zur Bewerbung<\/a><\/li>\n<li>Eingereicht werden k\u00f6nnen Ideen mit kreativem, innovativem, nachhaltigem und modernisierendem Charakter, z.B. in folgenden Bereichen:\n<ul>\n<li>Nachwuchs\/Teilhabe\/Integration\/offener Zugang<\/li>\n<li>Kommunikation\/Digitalisierung<\/li>\n<li>Bildungsangebote\/ Aufarbeitung und Vermittlung der Vereinsgeschichte<\/li>\n<li>Sanierung- und Modernisierung\/Nachhaltigkeit\/Barrierefreiheit (Sch\u00fctzenhalle, Vereinsheim, Zelt etc.)<\/li>\n<li>Schie\u00dfsport<\/li>\n<\/ul>\n<\/li>\n<li>Auch bereits begonnene oder ggf. schon abgeschlossene Projekte k\u00f6nnen eingereicht werden, sofern mit ihrer Umsetzung nicht vor 2022 begonnen wurde<\/li>\n<\/ul>\n<h2>Wer entscheidet \u00fcber die Annahme der Bewerbung?<\/h2>\n<ul>\n<li>\u00dcber die Annahme der Bewerbungen entscheidet eine Jury<\/li>\n<li>Generell sollte f\u00fcr die Jury ein kreativer, innovativer, nachhaltiger und\/oder modernisierender Charakter in den obengenannten Kategorien erkennbar sein<\/li>\n<li>Der Rechtsweg ist ausgeschlossen<\/li>\n<\/ul>\n<h2>Wie l\u00e4uft das Publikumsvotum ab?<\/h2>\n<ul>\n<li>Alle eingereichten Projekte, die von der Jury angenommen wurden, nehmen am Publikumsvoting im Zeitraum vom <strong>1. bis 30. September 2022 <\/strong>teil<\/li>\n<li>Innerhalb dieses Zeitraums kann jede Person <strong>jeweils einmal pro Kalenderwoche<\/strong> f\u00fcr ein Projekt abstimmen<\/li>\n<li>Jede Person darf innerhalb einer Kalenderwoche also nur einmal, aber mit dem Beginn einer neuen Kalenderwoche erneut abstimmen (insgesamt sind also f\u00fcnf Stimmen pro Person m\u00f6glich (1 X in KW 35 \/ 1 X in KW 36 \/ 1 X in KW 37 \/ 1X in KW 38 \/ 1 X in KW 39)<\/li>\n<li>Beispiel:\n<ul>\n<li>Das Publikumsvoting wird am 1. September freigeschaltet und Max Mustermann stimmt in der Kalenderwoche 35 erstmalig f\u00fcr <strong>ein Projekt<\/strong> ab<\/li>\n<li>F\u00fcr den Rest der Woche darf und kann er kein weiteres Mal abstimmen<\/li>\n<li>Sobald die Kalenderwoche 36 begonnen hat, kann Max Mustermann erneut einmal f\u00fcr ein Projekt abstimmen<\/li>\n<li>Das gleiche Prozedere gilt auch f\u00fcr die Kalenderwochen 37, 38 und 39<\/li>\n<\/ul>\n<\/li>\n<li>Sollten w\u00e4hrend des Votings Unregelm\u00e4\u00dfigkeiten oder manipulative Absichten eines Teilnehmervereins ersichtlich werden, so wird dieser von dem Voting disqualifiziert<\/li>\n<li>Der Rechtsweg ist ausgeschlossen<\/li>\n<\/ul>\n<h2>Wird \u00fcber die Zwischenst\u00e4nde des Publikumsvotings informiert?<\/h2>\n<ul>\n<li>Ja, \u00fcber unseren Newsletter <strong>\u201eWarsteiner Sch\u00fctzennews\u201c<\/strong> ( <a href=\"https:\/\/wbschuetzennews.de\/anmeldung.html\" target=\"_blank\" rel=\"noopener noreferrer\">hier abonnieren<\/a> ) wird einmal pro Woche \u00fcber die aktuellen Zwischenst\u00e4nde des Publikumsvotings informiert<\/li>\n<li>Um die Spannung zu erh\u00f6hen, werden in der letzten Abstimmungswoche (KW 39) keine Zwischenst\u00e4nde mehr kommuniziert<\/li>\n<\/ul>\n<h2>Wer gewinnt die Preisgelder?<\/h2>\n<ul>\n<li>Die Preisgelder gewinnen die Vereine, die im Rahmen des Publikumsvotings die meisten Stimmen f\u00fcr sich sammeln konnten<\/li>\n<li>Die drei Vereine mit den meisten Stimmen d\u00fcrfen sich \u00fcber folgende Preise freuen:\n<ol>\n<li>Platz: 5.000 \u20ac<\/li>\n<li>Platz: 2.500 \u20ac<\/li>\n<li>Platz: 1.500 \u20ac<\/li>\n<\/ol>\n<\/li>\n<li>Zudem wird ein <strong>Jurypreis <\/strong>vergeben, von dem die Preisgeldgewinner des Publikumsvotings allerdings ausgeschlossen sind<\/li>\n<\/ul>\n<h2>Wann wird der Preis \u00fcberreicht?<\/h2>\n<ul>\n<li>Die Preisverleihung erfolgt im Rahmen der 5. Warsteiner Sch\u00fctzenkonferenz im November, zu der alle Vereine herzlich eingeladen sind<\/li>\n<\/ul>\n","protected":false},"excerpt":{"rendered":"<p>Warum ein Zukunftspreis? Nachdem im Rahmen des Forschungsprojekts \u201eTradition im Wandel\u201c zun\u00e4chst eine Pilotstudie (2016-2017) und eine gro\u00dfangelegte Online-Umfrage (2017-2019) zur Ermittlung von personellen, \u00f6konomischen und soziokulturellen Risiken im Sch\u00fctzenwesen sowie eine Praxisphase zur Entwicklung von Zukunftskonzepten\u00a0inklusive Vereinsworkshops\u00a0(2020 &#8211; 2022) durchgef\u00fchrt wurden, ist es nun an der Zeit, konkrete Ideen und Projekte\u00a0mit\u00a0kreativen, innovativen, integrativen, modernisierenden [&hellip;]<\/p>\n","protected":false},"author":1,"featured_media":0,"parent":0,"menu_order":0,"comment_status":"closed","ping_status":"closed","template":"","meta":{"_acf_changed":false,"footnotes":""},"class_list":["post-43799","page","type-page","status-publish","hentry"],"acf":[],"yoast_head":"<!-- This site is optimized with the Yoast SEO plugin v27.4 - https:\/\/yoast.com\/product\/yoast-seo-wordpress\/ -->\n<title>Warsteiner Zukunftspreis - FAQ - Wahre Gewinner<\/title>\n<meta name=\"robots\" content=\"index, follow, max-snippet:-1, max-image-preview:large, max-video-preview:-1\" \/>\n<link rel=\"canonical\" href=\"https:\/\/www.warsteiner.de\/wahre-gewinner\/warsteiner-zukunftspreis-faq\/\" \/>\n<meta property=\"og:locale\" content=\"de_DE\" \/>\n<meta property=\"og:type\" content=\"article\" \/>\n<meta property=\"og:title\" content=\"Warsteiner Zukunftspreis - FAQ - Wahre Gewinner\" \/>\n<meta property=\"og:description\" content=\"Warum ein Zukunftspreis? Nachdem im Rahmen des Forschungsprojekts \u201eTradition im Wandel\u201c zun\u00e4chst eine Pilotstudie (2016-2017) und eine gro\u00dfangelegte Online-Umfrage (2017-2019) zur Ermittlung von personellen, \u00f6konomischen und soziokulturellen Risiken im Sch\u00fctzenwesen sowie eine Praxisphase zur Entwicklung von Zukunftskonzepten\u00a0inklusive Vereinsworkshops\u00a0(2020 &#8211; 2022) durchgef\u00fchrt wurden, ist es nun an der Zeit, konkrete Ideen und Projekte\u00a0mit\u00a0kreativen, innovativen, integrativen, modernisierenden [&hellip;]\" \/>\n<meta property=\"og:url\" content=\"https:\/\/www.warsteiner.de\/wahre-gewinner\/warsteiner-zukunftspreis-faq\/\" \/>\n<meta property=\"og:site_name\" content=\"Wahre Gewinner\" \/>\n<meta property=\"article:modified_time\" content=\"2022-05-29T14:43:24+00:00\" \/>\n<meta name=\"twitter:card\" content=\"summary_large_image\" \/>\n<meta name=\"twitter:label1\" content=\"Gesch\u00e4tzte Lesezeit\" \/>\n\t<meta name=\"twitter:data1\" content=\"3\u00a0Minuten\" \/>\n<script type=\"application\/ld+json\" class=\"yoast-schema-graph\">{\"@context\":\"https:\\\/\\\/schema.org\",\"@graph\":[{\"@type\":\"WebPage\",\"@id\":\"https:\\\/\\\/www.warsteiner.de\\\/wahre-gewinner\\\/warsteiner-zukunftspreis-faq\\\/\",\"url\":\"https:\\\/\\\/www.warsteiner.de\\\/wahre-gewinner\\\/warsteiner-zukunftspreis-faq\\\/\",\"name\":\"Warsteiner Zukunftspreis - FAQ - Wahre Gewinner\",\"isPartOf\":{\"@id\":\"https:\\\/\\\/www.warsteiner.de\\\/wahre-gewinner\\\/#website\"},\"datePublished\":\"2022-05-29T14:11:52+00:00\",\"dateModified\":\"2022-05-29T14:43:24+00:00\",\"breadcrumb\":{\"@id\":\"https:\\\/\\\/www.warsteiner.de\\\/wahre-gewinner\\\/warsteiner-zukunftspreis-faq\\\/#breadcrumb\"},\"inLanguage\":\"de\",\"potentialAction\":[{\"@type\":\"ReadAction\",\"target\":[\"https:\\\/\\\/www.warsteiner.de\\\/wahre-gewinner\\\/warsteiner-zukunftspreis-faq\\\/\"]}]},{\"@type\":\"BreadcrumbList\",\"@id\":\"https:\\\/\\\/www.warsteiner.de\\\/wahre-gewinner\\\/warsteiner-zukunftspreis-faq\\\/#breadcrumb\",\"itemListElement\":[{\"@type\":\"ListItem\",\"position\":1,\"name\":\"Startseite\",\"item\":\"https:\\\/\\\/www.warsteiner.de\\\/wahre-gewinner\\\/\"},{\"@type\":\"ListItem\",\"position\":2,\"name\":\"Warsteiner Zukunftspreis &#8211; FAQ\"}]},{\"@type\":\"WebSite\",\"@id\":\"https:\\\/\\\/www.warsteiner.de\\\/wahre-gewinner\\\/#website\",\"url\":\"https:\\\/\\\/www.warsteiner.de\\\/wahre-gewinner\\\/\",\"name\":\"Wahre Gewinner\",\"description\":\"\",\"potentialAction\":[{\"@type\":\"SearchAction\",\"target\":{\"@type\":\"EntryPoint\",\"urlTemplate\":\"https:\\\/\\\/www.warsteiner.de\\\/wahre-gewinner\\\/?s={search_term_string}\"},\"query-input\":{\"@type\":\"PropertyValueSpecification\",\"valueRequired\":true,\"valueName\":\"search_term_string\"}}],\"inLanguage\":\"de\"}]}<\/script>\n<!-- \/ Yoast SEO plugin. -->","yoast_head_json":{"title":"Warsteiner Zukunftspreis - FAQ - Wahre Gewinner","robots":{"index":"index","follow":"follow","max-snippet":"max-snippet:-1","max-image-preview":"max-image-preview:large","max-video-preview":"max-video-preview:-1"},"canonical":"https:\/\/www.warsteiner.de\/wahre-gewinner\/warsteiner-zukunftspreis-faq\/","og_locale":"de_DE","og_type":"article","og_title":"Warsteiner Zukunftspreis - FAQ - Wahre Gewinner","og_description":"Warum ein Zukunftspreis? Nachdem im Rahmen des Forschungsprojekts \u201eTradition im Wandel\u201c zun\u00e4chst eine Pilotstudie (2016-2017) und eine gro\u00dfangelegte Online-Umfrage (2017-2019) zur Ermittlung von personellen, \u00f6konomischen und soziokulturellen Risiken im Sch\u00fctzenwesen sowie eine Praxisphase zur Entwicklung von Zukunftskonzepten\u00a0inklusive Vereinsworkshops\u00a0(2020 &#8211; 2022) durchgef\u00fchrt wurden, ist es nun an der Zeit, konkrete Ideen und Projekte\u00a0mit\u00a0kreativen, innovativen, integrativen, modernisierenden [&hellip;]","og_url":"https:\/\/www.warsteiner.de\/wahre-gewinner\/warsteiner-zukunftspreis-faq\/","og_site_name":"Wahre Gewinner","article_modified_time":"2022-05-29T14:43:24+00:00","twitter_card":"summary_large_image","twitter_misc":{"Gesch\u00e4tzte Lesezeit":"3\u00a0Minuten"},"schema":{"@context":"https:\/\/schema.org","@graph":[{"@type":"WebPage","@id":"https:\/\/www.warsteiner.de\/wahre-gewinner\/warsteiner-zukunftspreis-faq\/","url":"https:\/\/www.warsteiner.de\/wahre-gewinner\/warsteiner-zukunftspreis-faq\/","name":"Warsteiner Zukunftspreis - FAQ - Wahre Gewinner","isPartOf":{"@id":"https:\/\/www.warsteiner.de\/wahre-gewinner\/#website"},"datePublished":"2022-05-29T14:11:52+00:00","dateModified":"2022-05-29T14:43:24+00:00","breadcrumb":{"@id":"https:\/\/www.warsteiner.de\/wahre-gewinner\/warsteiner-zukunftspreis-faq\/#breadcrumb"},"inLanguage":"de","potentialAction":[{"@type":"ReadAction","target":["https:\/\/www.warsteiner.de\/wahre-gewinner\/warsteiner-zukunftspreis-faq\/"]}]},{"@type":"BreadcrumbList","@id":"https:\/\/www.warsteiner.de\/wahre-gewinner\/warsteiner-zukunftspreis-faq\/#breadcrumb","itemListElement":[{"@type":"ListItem","position":1,"name":"Startseite","item":"https:\/\/www.warsteiner.de\/wahre-gewinner\/"},{"@type":"ListItem","position":2,"name":"Warsteiner Zukunftspreis &#8211; FAQ"}]},{"@type":"WebSite","@id":"https:\/\/www.warsteiner.de\/wahre-gewinner\/#website","url":"https:\/\/www.warsteiner.de\/wahre-gewinner\/","name":"Wahre Gewinner","description":"","potentialAction":[{"@type":"SearchAction","target":{"@type":"EntryPoint","urlTemplate":"https:\/\/www.warsteiner.de\/wahre-gewinner\/?s={search_term_string}"},"query-input":{"@type":"PropertyValueSpecification","valueRequired":true,"valueName":"search_term_string"}}],"inLanguage":"de"}]}},"_links":{"self":[{"href":"https:\/\/www.warsteiner.de\/wahre-gewinner\/wp-json\/wp\/v2\/pages\/43799","targetHints":{"allow":["GET"]}}],"collection":[{"href":"https:\/\/www.warsteiner.de\/wahre-gewinner\/wp-json\/wp\/v2\/pages"}],"about":[{"href":"https:\/\/www.warsteiner.de\/wahre-gewinner\/wp-json\/wp\/v2\/types\/page"}],"author":[{"embeddable":true,"href":"https:\/\/www.warsteiner.de\/wahre-gewinner\/wp-json\/wp\/v2\/users\/1"}],"replies":[{"embeddable":true,"href":"https:\/\/www.warsteiner.de\/wahre-gewinner\/wp-json\/wp\/v2\/comments?post=43799"}],"version-history":[{"count":5,"href":"https:\/\/www.warsteiner.de\/wahre-gewinner\/wp-json\/wp\/v2\/pages\/43799\/revisions"}],"predecessor-version":[{"id":43804,"href":"https:\/\/www.warsteiner.de\/wahre-gewinner\/wp-json\/wp\/v2\/pages\/43799\/revisions\/43804"}],"wp:attachment":[{"href":"https:\/\/www.warsteiner.de\/wahre-gewinner\/wp-json\/wp\/v2\/media?parent=43799"}],"curies":[{"name":"wp","href":"https:\/\/api.w.org\/{rel}","templated":true}]}}